{"id":3232,"date":"2025-09-29T19:55:57","date_gmt":"2025-09-29T16:55:57","guid":{"rendered":"https:\/\/uus.nordfinance.ee\/?page_id=3232"},"modified":"2026-02-04T10:24:10","modified_gmt":"2026-02-04T08:24:10","slug":"privaatsuspoliitika","status":"publish","type":"page","link":"https:\/\/nordfinance.ee\/en\/privaatsuspoliitika\/","title":{"rendered":"Privaatsuspoliitika"},"content":{"rendered":"<div data-elementor-type=\"wp-page\" data-elementor-id=\"3232\" class=\"elementor elementor-3232\" data-elementor-settings=\"{&quot;ha_cmc_init_switcher&quot;:&quot;no&quot;}\">\n\t\t\t\t<div class=\"elementor-element elementor-element-c4beadb e-flex e-con-boxed e-con e-parent\" data-id=\"c4beadb\" data-element_type=\"container\" data-e-type=\"container\" data-settings=\"{&quot;background_background&quot;:&quot;classic&quot;,&quot;shape_divider_bottom&quot;:&quot;cityscape-layer&quot;,&quot;_ha_eqh_enable&quot;:false}\">\n\t\t\t\t\t<div class=\"e-con-inner\">\n\t\t\t\t<div class=\"elementor-shape elementor-shape-bottom\" aria-hidden=\"true\" data-negative=\"false\">\n\t\t\t<svg xmlns=\"http:\/\/www.w3.org\/2000\/svg\" viewbox=\"0 0 4080 400\" preserveaspectratio=\"none\">\n<g>\n\t<path class=\"elementor-shape-fill ha-shape-divider\" opacity=\"0.2\" d=\"M3218.3,0v14.9V30h5.2v6.7h6.4v2.7h4.4V44h3.2v-4.6h1.7v-2.7V30h7.2v68.6h5v2.7h18.2v-2.7h5V60.8h18.4v10.7\t\th0.2l10.6,6.2l10.6-6.2V60.8h31.2v32.7h49.4v23.2v19.8l3.8-18.9l1.5,8.2h3.1l1.2,7.8h2.6l0.9,7h1.9l2.5,7h1.6l2.7,20h0l2.7-20h1.6\t\tl2.5-7h1.9l0.9-7h2.6l1.2-7.8h3.1l1.5-8.2l3.8,18.9v-19.8v-75h11.3v33.7h5.8v6.8h13.4v-6.8V75V41.7h4.1v71.5h7.1V168h5.6v32.5h5.6\t\tv25.8c0,0.4,0.3,0.7,0.7,0.7s0.7-0.3,0.7-0.7v-25.8h6.3v25.8c0,0.4,0.3,0.7,0.7,0.7s0.7-0.3,0.7-0.7v-25.8h5.6V168h5.6v-54.8h7.1\t\tV41h13.4v97h3.7v6.1h2.3v4.2h2.6v3.3h2.7v3.3h1.6v3.3l2.7,15.4l2.7-15.4v-3.3h1.6v-3.3h2.7v-3.3h2.6v-4.2h2.3V138h3.7V61.8h7.3\t\tV36.7h4.1v13.4h5.1v19.9h3.1v5h2.9v5h2.1v5h5v-5h2.1v-5h2.9v-5h3.1V37.7h5.7v26.5h21.2v125.4l10.1,11.3h29.4v30.9\t\tc0,0.4,0.4,0.7,0.8,0.7s0.8-0.3,0.8-0.7v-30.9h3.1V236c0,0.4,0.4,0.7,0.8,0.7c0.4,0,0.8-0.3,0.8-0.7v-38.4l0,0V14.9h0v20.5v1.4\t\tv25.1h13.4V36.7h4.1v13.8h15.6V36.7h0.1V26.5h6.3v48.4h10.5v13h2.9v5.2h2.1v4.1h6.1v-4.1h2.1v-5.2h2.9v-13h10.5V49.1h16.1V36.7h9.7\t\tv20.1h16.1V36.7h5.2v24.1h14.6v35.6h2.7v7.2h3v7.2h1.5V136c0,0.4,0.3,0.7,0.7,0.7c0.4,0,0.7-0.3,0.7-0.7v-15.7l5.1-4.6v-4.7h1.9\t\tv-7.2h3v-7.2h2.7V60.8h9V104h3.7v4.7h2.3v3.3h2.6v2.6h2.7v2.6h1.6v2.6l2.7,11.9l2.7-11.9v-2.6h1.6v-2.6h2.7v-2.6h2.6v-3.3h2.3V104\t\th3.7V60.8h6.6v10.7l10.6,6.2l10.6-6.2h0.2V60.8h16.8v35.6h2.7v7.2h3v7.2h1.9v4.7l6.2,5.7v-10.4h1.9v-7.2h3v-7.2h2.7V60.8h10.1V38.2\t\th9.2v-9.7h4.2v9.7h13.9v55.4v2.6v10.2v13.5v47.7l22.9-11.3v-36.4h8v-13.5h5.1V96.2h4v-58h5.2v13.7h51.2V38.2h5.2V14.9V0H3218.3z\"\/>\n\t<circle opacity=\"0.2\" cx=\"2466.7\" cy=\"156.4\" r=\"1\"\/>\n\t<path class=\"elementor-shape-fill ha-shape-divider\" opacity=\"0.2\" d=\"M2516.8,0h-532.5h-121.8H979.7v19.8h33.2l6.9,46.2h14.1v38.3h-1.7v3.5h6.9v14.9h0.8v-14.9h4.7V120h0.8v-12.2\t\th28.6v-3.5h-2V26.5h32.6v34.8h18.6V147h-1.7v4.2h3.7v5.4h4.3v2v6.1v5.3h5.2v9.5h0.6h0.6v-9.5h2.8l1.7-5.3h11.2v-8.2h29.4v-5.4h3.7\t\tV147h-1.7V91.3h24.6V36.5l27.3,12.1v53.1h-4.4v3.9h7.8v10.6h33.2v-10.6h10.8v10.6h5.6v-10.6h5.6v10.6h6.1v-10.6h12.8v-3.9h-2V28.1\t\th12.5v0.8h2.3v21h-2.3v1.7h2.3v21h-2.3v1.7h2.3v21h-2.3v1.7h2.3v21h-2.3v1.7h2.3v21h-2.3v1.7h2.3V164h-3.9v1.7h-2v4.6h36.7v5.1\t\th-1.2v1.5h20v-1.5h-1.2v-5.1h9.1v-4.6h-2V164h-3.9v-21.7h2.3v-1.7h-2.3v-21h2.3v-1.7h-2.3v-21h2.3v-1.7h-2.3v-21h2.3v-1.7h-2.3v-21\t\th2.3v-1.7h-2.3v-21h2.3v-1.7h-2.3V10.1h12.5v66.3h50.4V28.1h8.2v150.2h6.1v-3.9l11.2-2.7v2.5h6.1v-4l11.2-2.7v2.9h6.1V166l11.2-2.7\t\tv2.4h6.1v-3.9l11.2-2.7v2h6.1V13.6h8.5v78.6h31.5V43.9h32.3v41.2h4v13.5h-2.4v1.4h10.5v4.3h1.1v-4.3h3.3v21.9h0.8v-21.9h4.4v-1.4\t\th-2.6V85.2h21.3V53.7h20.8l10.8-40.1h21.8v130.8h28.8v4.7h-1.6v1.6h21.8v-1.6h-1.7v-4.7v-7.5V47.3h13.6v33.8h-4.8v3.1h34.2v20.4\t\th6.5v4.2h14.6v-4.2h11.8v-73h38.9v54.1h32.7V43.1h28.4V16.4h20.5v33.7h26.9V20.8h24.4v-4.4h4.5v146l64.8,13.5l-7.1-159.4h190.2\t\tv90.2h3.5v54h9V175h3.2v21.2h17.8v15.6h1.6v-15.6h3.5v19.5h1.6v-19.5h11.2v-35.7h5.8v-54h5V16.4h50.6v120h-0.9v1.4h6.2v8.3h-0.8\t\tv1.3h5.7v4.8h-0.5v1h2.5v4.5h2.3h0.4V174h0.3h0.3h0.3v-16.2h1.1v9h0.3h0.3h0.3v-9h2.7v-4.5h2.8v-1h-0.9v-4.8h5.7v-1.3h-0.8v-8.3\t\th6.2v-1.4h-0.9v-120h42.5v106h-1.5v3.1h3.3v4h25.9v6h9.9l1.5,3.9h2.4v7h0.5h0.5v-7h4.5v-3.9V131v-1.5h3.8v-4h3.3v-3.1h-1.5v-106\t\th39.5v8.1h4.2v5.4h5.2V32h3.6v3.8h2.6V32h1.4v-2.2v-5.4h5.9v55.9h4.1v2.2h14.8v-2.2h4.1V49.5h15v8.7h0.1l8.6,5l8.6-5v-8.7h25.4\t\tv26.6h40.2V95v16.1l3.1-15.4l1.2,6.6h2.5l1,6.3h2.1l0.7,5.7h1.6l2.1,5.7h1.3l2.2,16.3h0l2.2-16.3h1.3l2.1-5.7h1.6l0.7-5.7h2.1\t\tl1-6.3h2.5l1.2-6.6l3.1,15.4V95V34h9.2v27.5h4.7v5.5h10.9v-5.5v-0.3V34h3.3v58.2h5.8v44.6h4.6v26.5h4.6v21c0,0.3,0.3,0.6,0.6,0.6\t\ts0.6-0.3,0.6-0.6v-21h5.2v21c0,0.3,0.3,0.6,0.6,0.6c0.3,0,0.6-0.3,0.6-0.6v-21h4.6v-26.5h4.6V92.2h5.8V33.4h10.9v78.9h3v4.9h1.9\t\tv3.4h2.1v2.7h2.2v2.7h1.3v2.7l2.2,12.5l2.2-12.5v-2.7h1.3v-2.7h2.2v-2.7h2.1v-3.4h1.9v-4.9h3v-62h6V29.9h3.3v10.9h4.2v16.2h2.5v4.1\t\th2.3v4.1h1.7v4.1h4.1v-4.1h1.7v-4.1h2.3v-4.1h2.5V30.7h4.7v21.6h17.2v102.1l8.3,9.2h24v25.1c0,0.3,0.3,0.6,0.7,0.6\t\tc0.4,0,0.7-0.3,0.7-0.6v-25.1h2.6v28.6c0,0.3,0.3,0.6,0.7,0.6c0.4,0,0.7-0.3,0.7-0.6v-31.2l0,0V12.1h0v16.7v1.1v20.4h10.9V29.9h3.3\t\tv11.2h12.7V29.9h0.1v-8.3h5.2V61h8.5v10.6h2.3v4.2h1.7v3.3h5v-3.3h1.7v-4.2h2.3V61h8.5V40h13.1V29.9h7.9v16.4h13.1V29.9h4.3v19.6\t\th11.9v29h2.2v5.9h2.4v5.9h1.2v20.4c0,0.3,0.3,0.6,0.6,0.6s0.6-0.3,0.6-0.6V97.9l4.2-3.8v-3.8h1.5v-5.9h2.4v-5.9h2.2v-29h7.3v35.1h3\t\tv3.8h1.9v2.7h2.1v2.1h2.2v2.1h1.3v2.1l2.2,9.7l2.2-9.7v-2.1h1.3v-2.1h2.2v-2.1h2.1v-2.7h1.9v-3.8h3V49.5h5.4v8.7l8.6,5l8.6-5h0.1\t\tv-8.7h13.7v29h2.2v5.9h2.4v5.9h1.5v3.8l5.1,4.6v-8.4h1.5v-5.9h2.4v-5.9h2.2v-29h8.2V31.1h7.5v-7.9h3.4v7.9h11.3v45.1v2.1v8.3v11\t\tv38.8l18.6-9.2V97.6h6.5v-11h4.2v-8.3h3.2V31.1h4.3v11.1h41.7V31.1h4.3v-19V0h-667.5H2516.8z\"\/>\n\t<path class=\"elementor-shape-fill ha-shape-divider\" opacity=\"0.2\" d=\"M0,34.1h5.9v7.5h7.3v3h4.9v5.2h3.6v-5.2h1.9v-3v-7.5h8.2v77.8h5.7v3.1h20.7v-3.1H64V69h20.9v12.1h0.2l12,7\t\tl12-7V69h35.4V106h56v26.3v22.4l4.4-21.4l1.7,9.3h3.5l1.4,8.8h2.9l1,7.9h2.2l2.9,7.9h1.8l3,22.7h0l3-22.7h1.8l2.9-7.9h2.2l1-7.9\t\th2.9l1.4-8.8h3.5l1.7-9.3l4.4,21.4v-22.4v-85h12.8v38.3h6.5v7.7h15.1v-7.7v-0.5V47.3h4.7v81.1h8v62.2h6.4v36.9h6.4v29.3\t\tc0,0.4,0.4,0.8,0.8,0.8c0.5,0,0.8-0.4,0.8-0.8v-29.3h7.2v29.3c0,0.4,0.4,0.8,0.8,0.8c0.5,0,0.8-0.4,0.8-0.8v-29.3h6.4v-36.9h6.4\t\tv-62.2h8V46.5h15.2v110h4.2v6.9h2.6v4.8h3v3.8h3.1v3.8h1.8v3.8l3.1,17.4l3-17.4v-3.8h1.8v-3.8h3.1v-3.8h3v-4.8h2.6v-6.9h4.2V70.1\t\th8.3V41.7h4.7v15.3h5.8v22.6h3.5v5.7h3.2v5.7h2.4v5.7h5.6v-5.7h2.4v-5.7h3.2v-5.7h3.5V42.7h6.5v30.1h24V215l11.5,12.8h33.4v35\t\tc0,0.4,0.4,0.8,0.9,0.8s0.9-0.4,0.9-0.8v-35h3.6v39.8c0,0.4,0.4,0.8,0.9,0.8c0.5,0,0.9-0.4,0.9-0.8v-43.5l0,0V16.9h0v23.2v1.6v28.5\t\th15.2V41.7h4.7v15.6h17.7V41.7h0.1V30h7.2V85h11.9v14.8h3.2v5.8h2.4v4.6h6.9v-4.6h2.4v-5.8h3.2V85h11.9V55.7h18.2v-14h11v22.8H652\t\tV41.7h5.9V69h16.5v40.4h3.1v8.2h3.4v8.2h1.7v28.4c0,0.4,0.4,0.8,0.8,0.8c0.5,0,0.8-0.4,0.8-0.8v-17.8l5.8-5.3v-5.3h2.1v-8.2h3.4\t\tv-8.2h3.1V69h10.2v48.9h4.2v5.3h2.6v3.7h3v2.9h3.1v2.9h1.8v2.9l3.1,13.5l3-13.5v-2.9h1.8v-2.9h3.1V127h3v-3.7h2.6v-5.3h4.2V69h7.5\t\tv12.1l12,7l12-7h0.2V69h19.1v40.4h3.1v8.2h3.4v8.2h2.1v5.3l7.1,6.4v-11.8h2.1v-8.2h3.4v-8.2h3.1V69H831V43.3h10.4v-11h4.8v11H862\t\tv62.8v2.9v11.6V136V190l25.9-12.8V136h9v-15.3h5.8v-11.6h4.5V43.3h5.9v15.5h58V43.3h5.9V0H0V34.1z\"\/>\n<\/g>\n<path class=\"elementor-shape-fill ha-shape-divider\" d=\"M4079.7,0H2563.5H1530.1h-14h-411.9h-30.9H566.5H563H0v22.1h1.5v9H5v-6.6h3l3.2,4.2v2.1h5.8v-2.1h2v-7.6h1.6v7.4h8.8v-3.6\th2.8v-3.8h2.6v13.3h5v-5.6h2.8h4.1v-4h4.8v5.7h6.1v-5.6h5.9v5.9H74v-6.1h4.4v-3.6h6v1.7h4.3v11.6h4.6V22.8H98v5.8h4.3v-5.8h4.5v6.5\th1.6v1.5h3v-1.5h6.2v-5.1h2.2v10.2h9.3V60h2.2v5.1h17V60h2.2V9.7h7.3v46.6h8.6v3.1h12.1v-3.1h2.9V9.7h2.8v82.5h2v18.5h1.8V122h2.8\tv11.4h9.5V122h2.8v-11.4h1.8V92.2h2V9.7h3.3v58.6h19V9.7h1.7v85.7h18.4V9.7h2.3v105.9h22V9.7h3.6v81.7h24.1v-62h5.3v-9.6h2.9v9.6\th4.9V91h24.1V9.7h2.4v14.6h6v51.8h1.8v6.4h1.5v7.3h1.7V97h1.7v3.7h8.9V97h1.7v-7.3h1.7v-7.3h1.5v-6.4h1.8V15.6h2.4v4.8h5.7v4.9h2.6\tv40.6h7.2v8.2h14.1v-8.2h7.2V45.1h6.9V23.9h3.8v2h5.1v48.3h13.9V20.7h3.7v-11h1.7v14.2h5.9v60H481V45.1h8.8V23.9h5.1v-1.6h10.4v-3.8\th4v10.2h6.5v-6.3h5.8v8.4h9.8v27.4h14.5V18.7h0v5h3.5v-5h6.6v7.5h7.1v-7.5h0v0.1h3.3v4.2h4v1.7h2.7v2.9h2v-2.9h1.1v-1.7v-4.2h4.5\tl0,43.1h3.2v1.7h11.5V62h3.2V38.2H610v6.7h0.1l6.7,3.9l6.7-3.9v-6.7H643v20.5h31v14.6v12.4l2.4-11.9l0.9,5.1h2l0.8,4.9h1.6l0.6,4.4\th1.2l1.6,4.4h1l1.7,12.6h0l1.7-12.6h1l1.6-4.4h1.2l0.6-4.4h1.6l0.8-4.9h2l0.9-5.1l2.4,11.9V73.3V26.2h7.1v21.2h3.6v4.2h8.4v-4.2\tv-0.3V26.2h2.6v44.9h4.5v34.4h3.5V126h3.5v16.2c0,0.2,0.2,0.4,0.5,0.4c0.3,0,0.5-0.2,0.5-0.4V126h4v16.2c0,0.2,0.2,0.4,0.5,0.4\tc0.3,0,0.5-0.2,0.5-0.4V126h3.5v-20.4h3.5V71.1h4.5V25.8h8.4v60.9h2.3v3.8h1.5v2.7h1.6v2.1h1.7v2.1h1v2.1l1.7,9.7l1.7-9.7v-2.1h1\tv-2.1h1.7v-2.1h1.6v-2.7h1.5v-3.8h2.3V38.8h4.6V23.1h2.6v8.4h3.2V44h2v3.2h1.8v3.2h1.3v3.2h3.1v-3.2h1.3v-3.2h1.8V44h2V23.7h3.6\tv16.7h13.3v78.8l6.4,7.1h18.5v19.4c0,0.2,0.2,0.4,0.5,0.4c0.3,0,0.5-0.2,0.5-0.4v-19.4h2v22c0,0.2,0.2,0.4,0.5,0.4\tc0.3,0,0.5-0.2,0.5-0.4v-24.1l0,0V9.3h0v12.9v0.9v15.8h8.4V23.1h2.6v8.7h9.8v-8.7h0v-6.4h4v30.4h6.6v8.2h1.8v3.2h1.3v2.6h3.8v-2.6\th1.3v-3.2h1.8v-8.2h6.6V30.8h10.1v-7.8h6.1v12.6h10.1V23.1h3.3v15.1h9.1v22.4h1.7v4.6h1.9v4.6h0.9v15.8c0,0.2,0.2,0.4,0.5,0.4\tc0.3,0,0.5-0.2,0.5-0.4v-9.9l3.2-2.9v-3h1.2v-4.6h1.9v-4.6h1.7V38.2h5.6v27.1h2.3v3h1.5v2.1h1.6v1.6h1.7v1.6h1v1.6l1.7,7.5l1.7-7.5\tv-1.6h1v-1.6h1.7v-1.6h1.6v-2.1h1.5v-3h2.3V38.2h4.1v6.7l6.7,3.9l6.7-3.9h0.1v-6.7h10.6v22.4h1.7v4.6h1.9v4.6h1.2v3l3.9,3.6v-6.5\th1.2v-4.6h1.9v-4.6h1.7V38.2h6.3V24h5.8v-6.1h2.7V24h8.8v34.8v1.6v6.4v8.5v30l14.4-7.1V75.3h5v-8.5h3.2v-6.4h2.5V24h3.3v8.6h32.1V24\th3.3V9.3V4h5.1v67.7h6v4.5h7.1v-4.5h6V27.8h2.8v5.1h9.2v-5.1h2.8V4h4.6v78.7h3v2.1h13.8v-2.1h3V4h7.1v39.2h4.7c0,3.9,3,9.9,6.7,9.9\ts6.7-6,6.7-9.9h4.7V4h2.5v60h2.1v7.2h9.6V64h2.1V15.7h14.2v21.2v3.2h13.6v-3.2h4.6V15.7h7.5v78.9v8.2h6.8v-8.2h11.4V4h5.7v23.7h2.8\tv5.1h9.2v-5.1h2.8V4.2h17.4v9.7h4.6v9.1h15.2v-2.8h13.5v-6.2h1.5l2.4,100.3h-2.1c-0.6,0-1.1,0.5-1.1,1.1v1.3c0,0.1,0,0.1,0,0.1h-1.2\tv5.5h1.2c0,0,0,0.1,0,0.1v1.3c0,0.6,0.5,1.1,1.1,1.1h1v7h1.3v19.6h-0.8v3.3h1.5v14.8h2.6v-14.8h1.5v-3.3h-0.8v-19.6h1.3v-7h1\tc0.6,0,1.1-0.5,1.1-1.1v-1.3c0-0.1,0-0.1,0-0.1h1.2v-5.5h-1.2c0,0,0-0.1,0-0.1v-1.3c0-0.6-0.5-1.1-1.1-1.1h-2.1L1354.3,4h4.9v31.2\th2.7v2.2h4.3v-2.2h2.4v20.1h8.5v3.5h10v-3.5h8.5V25.2c8.2,7.3,19.6,11.8,32.2,11.8c15.5,0,29.1-6.8,37.3-17.2V4h8.7v12.3h5.4V27\th10.2v33.4h10.1v9.4h3.9v3.4h13.6v-55h1v1.2h2.5V24h5.4v-2.9h2.8v-4.7h3.1V23h2.8v11.7h22.9v21.2h2.7l2.2,3.8h1.1v4.1h8.1v-4.1h1.3\tl1.9-3.8h2.4V44.2h5.4V27.4h7v21h1.3v8.9h2.6v28.3h1.1l2.5,4.1h10.5l2.1-4.1h1.3V54.8h5.7v24.8h10.8l6.9-8V45.1h2.1v20.6h2.2v1.7\th4.7v-1.7h1.8v20.9h3.2v1.1h3.1v4.8h4.9v-4.8h2.8v-1.1h3.2v-4.5h2.6v27.7h2.1v1.8h8.7v-1.8h7v1.8h8.7v-1.8h1.7V63.8h2.9v31.5h20.1\tV42.2h5.9v34.3h4.3v2.3h10v-2.3h4.2V36.7h7.6v32.8h25.5V63h8.7v-6.1h9.1V38.9h27V54h10.1v5.9h13.5v-6.4h10.1v36.3h47.7V21h11.1v9\th18.8v11.8h11.6v5.7h5.8v-5.7h10.1l7.7-4.7l10.1,151.8c-6.2,0.5-10.7,2.5-10.7,4.8c0,0.9,0.6,1.7,1.8,2.4c-1.1,1-1.8,2.3-1.8,3.9\tc0,2.3,1.6,4.3,3.7,5c-0.4,0.4-0.6,0.9-0.6,1.4c0,1.1,0.9,2,2,2h4.8l4.6,67.4l3.7-67.4h4.8c1.1,0,2-0.9,2-2c0-0.5-0.2-1-0.6-1.4\tc2.1-0.7,3.7-2.7,3.7-5c0-1.5-0.7-2.9-1.8-3.9c1.1-0.7,1.8-1.5,1.8-2.4c0-2.1-3.6-3.8-8.7-4.6l7.2-120.4h2.4v-8.7h9.1V40.3h17.8\tV22.4h3.9v14.1h3.9V63h4.8v6.1h11.6V63h4.3V26c63.5,64.1,128.9,20.5,148.3,4.7v18.7h14.8V63h15.1v17c0,0,18.6,0,20.2,0\tc1.6,0,0-25.5,0-25.5h18.9v9.7h9.9v12.6h4.2v2.5h5.5v3.8h7.7v-6.9h4.8V39.7h5.1V28.1h14.1v71.7h8.7v5h4.8v3.5h3.2v-8.8h8V38.8h17.3\tV35h8.3v48.7h4.2v6.9h7.1v8.8h10.3V96h5.1v-3.8h7.1v-4.1h2.9v-5h3.2v-2.8h7.7v-4.1h1.9v-3.8h2.2V22.3h4.4v31.7h4v2.1h9.2v-2.1h3.9\tV17.2h7.1v56.4h7.9v3.7c0.7,0,1.3-0.1,2-0.1v-3.6h8.1V22.9h5.2v5.8h8.5v8.7h20.5V19.4h10.6v5.1h3.8v2.7h5v-2.7h3V12.6h9.3V6.4h6.8\tv5.1h5.7V18h7.4v-5.4h11.8v1.2h23.2l4.8,32.2h9.9v26.7h-1.2v2.4h4.8v10.4h0.6V75.2h3.3v8.5h0.6v-8.5h19.9v-2.4h-1.4V18.5h22.8v24.3\th13v59.7h-1.2v2.9h2.6v3.8h3v1.4v4.3v3.7h3.6v6.7h0.4h0.4v-6.7h1.9l1.2-3.7h7.8v-5.7h20.5v-3.8h2.6v-2.9h-1.2V63.7h17.2V25.5\tl19.1,8.4V71h-3.1v2.7h5.4v7.4h23.2v-7.4h7.6v7.4h3.9v-7.4h3.9v7.4h4.3v-7.4h8.9V71h-1.4V19.6h8.7v0.5h1.6v14.6h-1.6V36h1.6v14.6\th-1.6v1.2h1.6v14.6h-1.6v1.2h1.6v14.6h-1.6v1.2h1.6v14.6h-1.6v1.2h1.6v15.2h-2.7v1.2h-1.4v3.2h25.6v3.6h-0.8v1h13.9v-1h-0.8v-3.6\th6.3v-3.2h-1.4v-1.2h-2.7V99.2h1.6v-1.2h-1.6V83.4h1.6v-1.2h-1.6V67.6h1.6v-1.2h-1.6V51.8h1.6v-1.2h-1.6V36h1.6v-1.2h-1.6V20.2h1.6\tV19h-1.6V7h8.7v46.2h35.1V19.6h5.7v104.8h4.2v-2.7l7.8-1.9v1.8h4.2v-2.8l7.8-1.9v2h4.2v-3l7.8-1.9v1.7h4.2v-2.7l7.8-1.9v1.4h4.2V9.5\th5.9v54.9h22V30.6h22.6v28.8h2.8v9.4h-1.6v0.9h7.3v3h0.8v-3h2.3V85h0.6V69.8h3v-0.9h-1.8v-9.4h14.9V37.5h14.5l7.6-27.9h15.2v91.2\th20.1v3.3h-1.1v1.1h15.2V104h-1.2v-3.3v-5.3V33h9.5v23.6h-3.4v2.1h23.9V73h4.6V76h10.2V73h8.3V22.1h27.1v37.8h22.8V30h19.8V10.9\th14.3v24h18.8V14.5h17h5.1v24.6h36.7V14.5h16.8v44.4h36.7V14.5h7.5v131.7l21.2,16.2V61h34.1c0,22.1,17.9,40,40,40s40-17.9,40-40\th25.6v14.6h3.2v7.8h12.1v-7.8h3.2V64.8h5.1V14.5h6.2v55h4.9v9h19.1v-9h4.9v-55h4.2v79.3h2.8v0.1v4.4v5.6v13.1c0,0.4,0.4,0.8,0.8,0.8\tc0.4,0,0.8-0.4,0.8-0.8V98.2h7.3v-4.4h5.9v10h6.9V93.7h4.3V14.5h13.9v98.7h2.1v4.9h4.8v4h24.6v-4h4.8v-4.9h2.1V14.5h4.8V85v5.7h19.8\tV85h6.1V14.5h16.5v90.6h0v20.8c0,0.4,0.2,0.8,0.5,0.8c0.3,0,0.5-0.3,0.5-0.8v-20.8h12.5v5.9h7.6c0,0,3.1,6.3,19.6,6.3\tc0-5.1,0-6.3,0-6.3V14.5h7.1v106.4h4.6v8h14.9h14.9v-8h4.6V14.5h10.6v61.3h21.8V14.5h9.2v99.6h6v-9.6h4.8v6.1h9.3v-6.1h4.8v9.6h2.1\tV14.5h4.1v99.1h2.3v5h3v5.7h7.5v-10.7h2.5V104h10.3v8.3l11.8,3.9V104h4v8.3l11.8,3.9V104V49c1.6,1.1,3.1,2,4.3,2.6\tc4.9,2.2,18.6-0.1,20.1,0c0.2,0,0.7,0,1.3-0.1v32.2h1.1v4.6h2.2v5.5h3.6v4.1c0,3.2,4,5.8,9,5.8c5,0,9-2.6,9-5.8v-4.1h3.6v-5.5h2.2\tv-4.6h1.1V61.2c2.8,0.4,6.3,0.5,9.4,1.4c4.4,1.4,6.9-5,11.3-9c4.4-4,4.9-2.2,14.2-6.1s5.4-1.8,11.8,0c6.4,1.8,10.3,1.8,11.3,0\tc1-1.8,4.9-3.9,6.9-8.2c2-4.4,3.9-4.4,11.8-4.7C4083.5,29.7,4079.7,0,4079.7,0z\"\/>\n<\/svg>\n\t\t<\/div>\n\t\t\t\t<div class=\"elementor-element elementor-element-00717aa elementor-invisible elementor-widget elementor-widget-heading\" data-id=\"00717aa\" data-element_type=\"widget\" data-e-type=\"widget\" data-settings=\"{&quot;_animation&quot;:&quot;zoomIn&quot;}\" data-widget_type=\"heading.default\">\n\t\t\t\t\t<h1 class=\"elementor-heading-title elementor-size-default\">Privacy Policy<\/h1>\t\t\t\t<\/div>\n\t\t\t\t\t<\/div>\n\t\t\t\t<\/div>\n\t\t<div class=\"elementor-element elementor-element-23685cd2 e-flex e-con-boxed e-con e-parent\" data-id=\"23685cd2\" data-element_type=\"container\" data-e-type=\"container\" data-settings=\"{&quot;_ha_eqh_enable&quot;:false}\">\n\t\t\t\t\t<div class=\"e-con-inner\">\n\t\t\t\t<div class=\"elementor-element elementor-element-37f80cc1 elementor-widget elementor-widget-text-editor\" data-id=\"37f80cc1\" data-element_type=\"widget\" data-e-type=\"widget\" data-widget_type=\"text-editor.default\">\n\t\t\t\t\t\t\t\t\t<ol><li><p><strong> \u00dclds\u00e4tted<\/strong><\/p><\/li><\/ol><p><span style=\"font-weight: 400;\">1.1. K\u00e4esolev privaatsuspoliitika reguleerib isikuandmete kogumist, t\u00f6\u00f6tlemist ja s\u00e4ilitamist k\u00e4sitlevaid p\u00f5him\u00f5tteid. Isikuandmeid kogub t\u00f6\u00f6tleb ja s\u00e4ilitab isikuandmete vastutav t\u00f6\u00f6tleja NORDFINANCE O\u00dc (edaspidi andmet\u00f6\u00f6tleja).<\/span><\/p><p><span style=\"font-weight: 400;\">1.2. Andmesubjekt privaatsuspoliitika t\u00e4henduses on klient v\u00f5i muu f\u00fc\u00fcsiline isik, kelle isikuandmeid andmet\u00f6\u00f6tleja t\u00f6\u00f6tleb.<\/span><\/p><p><span style=\"font-weight: 400;\">1.3. Klient privaatsuspoliitika t\u00e4henduses on iga\u00fcks, kes kasutab andmet\u00f6\u00f6tleja kodulehte.<\/span><\/p><p><span style=\"font-weight: 400;\">1.4. Andmet\u00f6\u00f6tleja j\u00e4rgib \u00f5igusaktides s\u00e4testatud andmete t\u00f6\u00f6tlemise p\u00f5him\u00f5tteid, muuhulgas t\u00f6\u00f6tleb andmet\u00f6\u00f6tleja isikuandmeid seaduslikult, \u00f5iglaselt ja turvaliselt. Andmet\u00f6\u00f6tleja on v\u00f5imeline kinnitama, et isikuandmeid on t\u00f6\u00f6deldud vastavalt \u00f5igusaktides s\u00e4testatule.<\/span><\/p><p><span style=\"font-weight: 400;\">1.5. Kasutades <\/span>nordfinance.ee<span style=\"font-weight: 400;\"> veebilehte kinnitab kasutaja, et ta on k\u00e4esoleva privaatsuspoliitika tingimustest aru saanud ja aktsepteerib neid t\u00e4ielikult. Andmet\u00f6\u00f6tlejal on \u00f5igus privaatsustingimusi vajadusel muuta, teavitades kasutajaid muudatustest veebilehe kaudu.<\/span><\/p><p><span style=\"font-weight: 400;\">1.6. Veebilehe sisu kannab informatiivset eesm\u00e4rki. Andmet\u00f6\u00f6tleja ei vastuta informatsiooni vigade v\u00f5i puuduste ega selle k\u00e4ttesaadavuse eest. Veebilehe sisu v\u00f5i viidatud veebilehtede sisu t\u00e4psus v\u00f5i t\u00e4ielikkus ei ole garanteeritud. Veebileht ei tegele \u00f5igusn\u00f5ustamisega; juriidilise abi saamiseks tuleb p\u00f6\u00f6rduda vastava ala spetsialisti poole.<\/span><\/p><p><span style=\"font-weight: 400;\">1.7. Kui veebilehe sisu ei ole m\u00e4rgitud teisiti, kuuluvad k\u00f5ik autori\u00f5igused <\/span>andmet\u00f6\u00f6tleja<span style=\"font-weight: 400;\">le. Veebilehe sisu kasutamine mis tahes kujul (ka osaliselt) on lubatud ainult andmet\u00f6\u00f6tleja loal, viidates algallikale.<\/span><\/p><ol start=\"2\"><li><p><strong> Isikuandmete kogumine, t\u00f6\u00f6tlemine ja s\u00e4ilitamine<\/strong><\/p><\/li><\/ol><p><span style=\"font-weight: 400;\">2.1. Isikuandmed, mida andmet\u00f6\u00f6tleja kogub, t\u00f6\u00f6tleb ja s\u00e4ilitab, on kogutud elektrooniliselt, peamiselt kodulehe ja e-posti vahendusel.<\/span><span style=\"font-weight: 400;\">\u00a0<\/span><\/p><p><span style=\"font-weight: 400;\">2.2. Oma isikuandmete jagamisega annab andmesubjekt andmet\u00f6\u00f6tlejale \u00f5iguse koguda, korraldada, kasutada ja hallata privaatsuspoliitikas m\u00e4\u00e4ratletud eesm\u00e4rgil isikuandmeid, mida andmesubjekt otse v\u00f5i kaudselt kodulehte kasutades andmet\u00f6\u00f6tlejale jagab.<\/span><\/p><p><span style=\"font-weight: 400;\">2.3. Kasutaja k\u00fclastades veebilehte <\/span>nordfinance.ee<span style=\"font-weight: 400;\"> kogutakse anon\u00fc\u00fcmset teavet, n\u00e4iteks veebilehe k\u00fclastusstatistikat (nt Google Analytics). Kasutajad v\u00f5ivad oma brauseri seadistustes k\u00fcpsiste kasutamise keelata, kuid sellisel juhul v\u00f5ib veebileht mitte toimida etten\u00e4htud viisil.<\/span><\/p><p><span style=\"font-weight: 400;\">2.4. Andmesubjekt vastutab selle eest, et tema poolt esitatud andmed oleksid t\u00e4psed, \u00f5iged ja terviklikud. Teadlikult valeandmete esitamist peetakse privaatsuspoliitika rikkumiseks. Andmesubjekt on kohustatud andmet\u00f6\u00f6tlejat viivitamatult teavitama esitatud andmete muutumisest.<\/span><\/p><p><span style=\"font-weight: 400;\">2.5. Andmet\u00f6\u00f6tleja ei vastuta andmesubjekti poolt valeandmete esitamisest p\u00f5hjustatud kahju eest andmesubjektile v\u00f5i kolmandatele osapooltele.<\/span><\/p><ol start=\"3\"><li><p><strong> Klientide isikuandmete t\u00f6\u00f6tlemine<\/strong><\/p><\/li><\/ol><p><span style=\"font-weight: 400;\">3.1. Andmet\u00f6\u00f6tleja v\u00f5ib t\u00f6\u00f6delda j\u00e4rgnevaid andmesubjekti isikuandmeid:<\/span><\/p><ul><li style=\"font-weight: 400;\" aria-level=\"1\"><span style=\"font-weight: 400;\">Ees- ja perekonnanimi;<\/span><\/li><li style=\"font-weight: 400;\" aria-level=\"1\"><span style=\"font-weight: 400;\">Telefoninumber;<\/span><\/li><li style=\"font-weight: 400;\" aria-level=\"1\"><span style=\"font-weight: 400;\">E-posti aadress.<\/span><\/li><\/ul><p><span style=\"font-weight: 400;\">3.2. Lisaks eeltoodule on andmet\u00f6\u00f6tlejal \u00f5igus koguda kliendi kohta andmeid, mis on k\u00e4ttesaadavad avalikes registrites.<\/span><\/p><p><span style=\"font-weight: 400;\">3.3. Isikuandmete t\u00f6\u00f6tlemise \u00f5iguslik alus on isikuandmete kaitse \u00fcldm\u00e4\u00e4ruse paragrahv 6 lg 1 p-d a), b), c) ja f):<\/span><\/p><p><span style=\"font-weight: 400;\">a) andmesubjekt on andnud n\u00f5usoleku t\u00f6\u00f6delda oma isikuandmeid \u00fchel v\u00f5i mitmel konkreetsel eesm\u00e4rgil;<\/span><\/p><p><span style=\"font-weight: 400;\">b) isikuandmete t\u00f6\u00f6tlemine on vajalik andmesubjekti osalusel s\u00f5lmitud lepingu t\u00e4itmiseks v\u00f5i lepingu s\u00f5lmimisele eelnevate meetmete v\u00f5tmiseks vastavalt andmesubjekti taotlusele;<\/span><\/p><p><span style=\"font-weight: 400;\">c) isikuandmete t\u00f6\u00f6tlemine on vajalik vastutava t\u00f6\u00f6tleja juriidilise kohustuse t\u00e4itmiseks;<\/span><\/p><p><span style=\"font-weight: 400;\">f) isikuandmete t\u00f6\u00f6tlemine on vajalik vastutava t\u00f6\u00f6tleja v\u00f5i kolmanda isiku \u00f5igustatud huvi korral, v\u00e4lja arvatud juhul, kui sellise huvi kaaluvad \u00fcles andmesubjekti huvid v\u00f5i p\u00f5hi\u00f5igused ja -vabadused, mille nimel tuleb kaitsta isikuandmeid, eriti juhul kui andmesubjekt on laps.<\/span><\/p><p><span style=\"font-weight: 400;\">3.4. Isikuandmete t\u00f6\u00f6tlemine vastavalt t\u00f6\u00f6tlemise eesm\u00e4rgile:<\/span><\/p><ul><li><span style=\"font-weight: 400;\">Julgeolek ja turvalisus \u2014 Isikuandmeid s\u00e4ilitatakse vastavalt seaduses nimetatud t\u00e4htaegadele;<\/span><\/li><li><span style=\"font-weight: 400;\">Tellimuse t\u00f6\u00f6tlemine \u2014 Isikuandmeid s\u00e4ilitatakse kuni 5 aastat p\u00e4rast tehingu l\u00f5petamist;<\/span><\/li><li><span style=\"font-weight: 400;\">Veebilehe teenuste toimimise tagamine \u2014 Isikuandmeid s\u00e4ilitatakse kuni 3 aastat;<\/span><\/li><li><span style=\"font-weight: 400;\">Kliendihaldus \u2014 Isikuandmeid kuni 3 aastat p\u00e4rast viimast suhtlust;<\/span><\/li><li><span style=\"font-weight: 400;\">Finantstegevus, raamatupidamine \u2014 Isikuandmeid s\u00e4ilitatakse vastavalt seaduses nimetatud t\u00e4htaegadele;<\/span><\/li><li><span style=\"font-weight: 400;\">Turundus \u2014 Isikuandmeid s\u00e4ilitatakse kuni kasutaja loobumiseni turundusteatest.<\/span><\/li><\/ul><p><span style=\"font-weight: 400;\">3.5. Andmet\u00f6\u00f6tlejal on \u00f5igus klientide isikuandmeid jagada kolmandate isikutega, kelleks on n\u00e4iteks volitatud andmet\u00f6\u00f6tlejad, raamatupidajad, IT-teenusepakkujad ning makseteenuseid pakkuvad ettev\u00f5tted. Andmet\u00f6\u00f6tleja on isikuandmete vastutav t\u00f6\u00f6tleja.\u00a0<\/span><\/p><p><span style=\"font-weight: 400;\">3.6. Andmesubjekti isikuandmete t\u00f6\u00f6tlemisel ja s\u00e4ilitamisel rakendab andmet\u00f6\u00f6tleja organisatoorseid ja tehnilisi meetmeid, mis tagavad isikuandmete kaitse juhusliku v\u00f5i ebaseadusliku h\u00e4vitamise, muutmise, avalikustamise ja mis tahes muu ebaseadusliku t\u00f6\u00f6tlemise eest.<\/span><\/p><p><span style=\"font-weight: 400;\">3.7. Andmet\u00f6\u00f6tleja s\u00e4ilitab andmesubjektide andmeid s\u00f5ltuvalt t\u00f6\u00f6tlemise eesm\u00e4rgist, kuid mitte kauem kui <\/span><span style=\"font-weight: 400;\">7<\/span><span style=\"font-weight: 400;\"> aastat.<\/span><\/p><ol start=\"4\"><li><p><strong> Andmesubjekti \u00f5igused<\/strong><\/p><\/li><\/ol><p><span style=\"font-weight: 400;\">4.1. Andmesubjektil on \u00f5igus saada ligip\u00e4\u00e4s oma isikuandmetele ning nendega tutvuda.<\/span><\/p><p><span style=\"font-weight: 400;\">4.2. Andmesubjektil on \u00f5igus saada informatsiooni tema isikuandmete t\u00f6\u00f6tlemise kohta.<\/span><\/p><p><span style=\"font-weight: 400;\">4.3. Andmesubjektil on \u00f5igus t\u00e4iendada v\u00f5i parandada ebat\u00e4pseid andmeid.<\/span><\/p><p><span style=\"font-weight: 400;\">4.4. Kui andmet\u00f6\u00f6tleja t\u00f6\u00f6tleb andmesubjekti isikuandmeid andmesubjekti n\u00f5usoleku alusel, siis on andmesubjektil \u00f5igus igal ajal n\u00f5usolek tagasi v\u00f5tta.<\/span><\/p><p><span style=\"font-weight: 400;\">4.5. Andmesubjekt saab \u00f5iguste teostamiseks p\u00f6\u00f6rduda veebilehe poole aadressil <\/span><span style=\"font-weight: 400;\">martin@nordfinance.ee.<\/span><\/p><p><span style=\"font-weight: 400;\">4.6. Andmesubjektil on oma \u00f5iguste kaitseks v\u00f5imalik esitada kaebus <a href=\"https:\/\/www.aki.ee\" target=\"_blank\" rel=\"noopener\">Andmekaitse Inspektsioonile<\/a>.<\/span><\/p><ol start=\"5\"><li><p><strong> L\u00f5pps\u00e4tted<\/strong><\/p><\/li><\/ol><p><span style=\"font-weight: 400;\">5.1. K\u00e4esolevad andmekaitsetingimused on koostatud koosk\u00f5las Euroopa Parlamendi ja n\u00f5ukogu m\u00e4\u00e4rusega (EL) nr 2016\/679 f\u00fc\u00fcsiliste isikute kaitse kohta isikuandmete t\u00f6\u00f6tlemisel ja selliste andmete vaba liikumise ning direktiivi 95\/46 \/ E\u00dc kehtetuks tunnistamise kohta \/ E\u00dc (isikuandmete kaitse \u00fcldm\u00e4\u00e4rus), Eesti Vabariigi isikuandmete kaitse seadusega ning Eesti Vabariigi ja Euroopa Liidu \u00f5igusaktidega.<\/span><\/p><p><span style=\"font-weight: 400;\">5.2. Andmet\u00f6\u00f6tlejal on \u00f5igus andmekaitsetingimusi osaliselt v\u00f5i t\u00e4ielikult muuta, teavitades andmesubjekte muudatustest kodulehe <\/span>nordfinance.ee <span style=\"font-weight: 400;\">kaudu.<\/span><\/p>\t\t\t\t\t\t\t\t<\/div>\n\t\t\t\t\t<\/div>\n\t\t\t\t<\/div>\n\t\t\t\t<\/div>","protected":false},"excerpt":{"rendered":"<p>Privaatsustingimused \u00dclds\u00e4tted 1.1. K\u00e4esolev privaatsuspoliitika reguleerib isikuandmete kogumist, t\u00f6\u00f6tlemist ja s\u00e4ilitamist k\u00e4sitlevaid p\u00f5him\u00f5tteid. Isikuandmeid kogub t\u00f6\u00f6tleb ja s\u00e4ilitab isikuandmete vastutav t\u00f6\u00f6tleja NORDFINANCE O\u00dc (edaspidi andmet\u00f6\u00f6tleja). 1.2. Andmesubjekt privaatsuspoliitika t\u00e4henduses on klient v\u00f5i muu f\u00fc\u00fcsiline isik, kelle isikuandmeid andmet\u00f6\u00f6tleja t\u00f6\u00f6tleb. 1.3. Klient privaatsuspoliitika t\u00e4henduses on iga\u00fcks, kes kasutab andmet\u00f6\u00f6tleja kodulehte. 1.4. Andmet\u00f6\u00f6tleja j\u00e4rgib \u00f5igusaktides s\u00e4testatud andmete [&hellip;]<\/p>","protected":false},"author":5,"featured_media":0,"parent":0,"menu_order":0,"comment_status":"closed","ping_status":"closed","template":"","meta":{"footnotes":""},"class_list":["post-3232","page","type-page","status-publish","hentry"],"_links":{"self":[{"href":"https:\/\/nordfinance.ee\/en\/wp-json\/wp\/v2\/pages\/3232","targetHints":{"allow":["GET"]}}],"collection":[{"href":"https:\/\/nordfinance.ee\/en\/wp-json\/wp\/v2\/pages"}],"about":[{"href":"https:\/\/nordfinance.ee\/en\/wp-json\/wp\/v2\/types\/page"}],"author":[{"embeddable":true,"href":"https:\/\/nordfinance.ee\/en\/wp-json\/wp\/v2\/users\/5"}],"replies":[{"embeddable":true,"href":"https:\/\/nordfinance.ee\/en\/wp-json\/wp\/v2\/comments?post=3232"}],"version-history":[{"count":13,"href":"https:\/\/nordfinance.ee\/en\/wp-json\/wp\/v2\/pages\/3232\/revisions"}],"predecessor-version":[{"id":5458,"href":"https:\/\/nordfinance.ee\/en\/wp-json\/wp\/v2\/pages\/3232\/revisions\/5458"}],"wp:attachment":[{"href":"https:\/\/nordfinance.ee\/en\/wp-json\/wp\/v2\/media?parent=3232"}],"curies":[{"name":"wp","href":"https:\/\/api.w.org\/{rel}","templated":true}]}}